{"id":4085,"date":"2026-03-04T15:21:02","date_gmt":"2026-03-04T15:21:02","guid":{"rendered":"https:\/\/staging.notrevoute.com\/?post_type=product&#038;p=4085"},"modified":"2026-03-04T15:27:16","modified_gmt":"2026-03-04T15:27:16","slug":"lingote-de-oro-sempsa-20-g","status":"publish","type":"product","link":"https:\/\/notrevoute.com\/es\/tienda\/lingotes-oro\/lingote-de-oro-sempsa-20-g\/","title":{"rendered":"Lingote de Oro Sempsa 20 g"},"content":{"rendered":"<table class=\"bordered\" style=\"font-family: var(--global-body-font-family); height: 429px;\" width=\"989\">\n<tbody>\n<tr>\n<th colspan=\"2\">DETALLES T\u00c9CNICOS<\/th>\n<\/tr>\n<tr>\n<td style=\"width: 150px;\"><strong>Pa\u00eds<\/strong><\/td>\n<td>Espa\u00f1a<\/td>\n<\/tr>\n<tr>\n<td style=\"width: 150px;\"><strong>Metal<\/strong><\/td>\n<td>Oro<\/td>\n<\/tr>\n<tr>\n<td style=\"width: 150px;\"><strong>Pureza<\/strong><\/td>\n<td>.999<\/td>\n<\/tr>\n<tr>\n<td style=\"width: 150px;\"><strong>Peso (g)<\/strong><\/td>\n<td>20 g<\/td>\n<\/tr>\n<tr>\n<td style=\"width: 150px;\"><strong>Presentacion (box)<\/strong><\/td>\n<td>Encapsulado<\/td>\n<\/tr>\n<\/tbody>\n<\/table>\n","protected":false},"excerpt":{"rendered":"<div id=\"product-description-short-11868\" class=\"rte-content product-description\">\n<div id=\"short_description_block\">\n<div id=\"short_description_content\" class=\"rte align_justify\">\n<p>Este lingote de 20\u202fg est\u00e1 acu\u00f1ado en oro puro .9999 (24 quilates) por SEMPSA JP, la \u00fanica refiner\u00eda espa\u00f1ola certificada LBMA Good Delivery desde 1984.<br \/>Presenta formato acu\u00f1ado e incluye el logotipo de SEMPSA, la indicaci\u00f3n de peso \u00ab20\u202fg Fine Gold 999,9\u00bb y un n\u00famero de serie \u00fanico.<br \/>Se entrega sellado en bl\u00edster r\u00edgido BarCard\u00ae, con presentaci\u00f3n tipo tarjeta de cr\u00e9dito, que incorpora certificado integrado y n\u00famero de serie coincidente. Est\u00e1 equipado con sistema de seguridad Cryptoprint\u00ae antih manipulaci\u00f3n, que incorpora los \u00faltimos avances para prevenir la falsificaci\u00f3n.<br \/>Producido en Madrid (Espa\u00f1a) por una refiner\u00eda de reconocido prestigio y m\u00e1xima acreditaci\u00f3n internacional. Oro de inversi\u00f3n exento de IVA en todo el territorio europeo.     <\/p>\n<\/div>\n<\/div>\n<\/div>\n","protected":false},"featured_media":3395,"template":"","meta":{"_bst_post_transparent":"default","_bst_post_title":"","_bst_post_layout":"default","_bst_post_sidebar_id":"","_bst_post_content_style":"default","_bst_post_vertical_padding":"default","_bst_post_feature":"","_bst_post_feature_position":"","_bst_post_header":false,"_bst_post_footer":false},"product_brand":[],"product_cat":[144,143],"product_tag":[],"class_list":{"0":"post-4085","1":"product","2":"type-product","3":"status-publish","4":"has-post-thumbnail","6":"product_cat-lingotes-oro","7":"product_cat-oro","9":"first","10":"instock","11":"featured","12":"taxable","13":"shipping-taxable","14":"purchasable","15":"product-type-simple","16":"entry","17":"content-bg","18":"loop-entry"},"_links":{"self":[{"href":"https:\/\/notrevoute.com\/es\/wp-json\/wp\/v2\/product\/4085","targetHints":{"allow":["GET"]}}],"collection":[{"href":"https:\/\/notrevoute.com\/es\/wp-json\/wp\/v2\/product"}],"about":[{"href":"https:\/\/notrevoute.com\/es\/wp-json\/wp\/v2\/types\/product"}],"wp:featuredmedia":[{"embeddable":true,"href":"https:\/\/notrevoute.com\/es\/wp-json\/wp\/v2\/media\/3395"}],"wp:attachment":[{"href":"https:\/\/notrevoute.com\/es\/wp-json\/wp\/v2\/media?parent=4085"}],"wp:term":[{"taxonomy":"product_brand","embeddable":true,"href":"https:\/\/notrevoute.com\/es\/wp-json\/wp\/v2\/product_brand?post=4085"},{"taxonomy":"product_cat","embeddable":true,"href":"https:\/\/notrevoute.com\/es\/wp-json\/wp\/v2\/product_cat?post=4085"},{"taxonomy":"product_tag","embeddable":true,"href":"https:\/\/notrevoute.com\/es\/wp-json\/wp\/v2\/product_tag?post=4085"}],"curies":[{"name":"wp","href":"https:\/\/api.w.org\/{rel}","templated":true}]}}