{"id":4091,"date":"2026-03-04T15:45:25","date_gmt":"2026-03-04T15:45:25","guid":{"rendered":"https:\/\/staging.notrevoute.com\/?post_type=product&#038;p=4091"},"modified":"2026-03-12T10:05:20","modified_gmt":"2026-03-12T10:05:20","slug":"moneda-de-oro-1-200-toro-sentado-tokelau-2022","status":"publish","type":"product","link":"https:\/\/notrevoute.com\/es\/tienda\/monedas-oro\/moneda-de-oro-1-200-toro-sentado-tokelau-2022\/","title":{"rendered":"Moneda de Oro 1\/200 Toro Sentado Tokelau 2022"},"content":{"rendered":"<table class=\"bordered\" style=\"font-family: var(--global-body-font-family);\">\n<tbody>\n<tr>\n<th colspan=\"2\">DETALLES T\u00c9CNICOS<\/th>\n<\/tr>\n<tr>\n<td style=\"width: 150px;\"><strong>Pa\u00eds<\/strong><\/td>\n<td>Tokelau<\/td>\n<\/tr>\n<tr>\n<td style=\"width: 150px;\"><strong>A\u00f1o<\/strong><\/td>\n<td>2022<\/td>\n<\/tr>\n<tr>\n<td style=\"width: 150px;\"><strong>Valor Facial<br \/>\n<\/strong><\/td>\n<td>2 NZD<\/td>\n<\/tr>\n<tr>\n<td style=\"width: 150px;\"><strong>Metal<\/strong><\/td>\n<td>Oro<\/td>\n<\/tr>\n<tr>\n<td style=\"width: 150px;\"><strong>Pureza<\/strong><\/td>\n<td>.999<\/td>\n<\/tr>\n<tr>\n<td style=\"width: 150px;\"><strong>Peso (g)<\/strong><\/td>\n<td>0,1555 g (1\/200 oz)<\/td>\n<\/tr>\n<tr>\n<td style=\"width: 150px;\"><strong>Calidad<\/strong><\/td>\n<td>Coloreada<\/td>\n<\/tr>\n<tr>\n<td style=\"width: 150px;\"><strong>Certificado (COA)<\/strong><\/td>\n<td>S\u00ed<\/td>\n<\/tr>\n<tr>\n<td style=\"width: 150px;\"><strong>Presentaci\u00f3n (caja)<\/strong><\/td>\n<td>S\u00ed<\/td>\n<\/tr>\n<\/tbody>\n<\/table>\n","protected":false},"excerpt":{"rendered":"<div id=\"product-description-short-11868\" class=\"rte-content product-description\">\n<div id=\"short_description_block\">\n<div id=\"short_description_content\" class=\"rte align_justify\"><span data-sheets-root=\"1\">Moneda conmemorativa de oro que contiene 1\/200 onza troy (0,1555\u202fg) de oro .999 de pureza, en homenaje al legendario jefe Lakota Sioux, Sitting Bull.<br \/>\nPresenta un retrato a todo color del hist\u00f3rico l\u00edder nativo americano, reconocido por su resistencia frente a las pol\u00edticas del gobierno de Estados Unidos durante la expansi\u00f3n hacia el Oeste.<br \/>\nTiene valor facial de 2\u202f$, respaldado por Tokelau.<br \/>\nEl anverso muestra el busto de la Reina Isabel II con sus inscripciones, mientras que el reverso colorizado exhibe un retrato detallado que celebra el patrimonio ind\u00edgena americano y el esp\u00edritu guerrero de Sitting Bull.<br \/>\nAcabado brillante, presentada en c\u00e1psula protectora. Edici\u00f3n limitada, coleccionable que combina el arte numism\u00e1tico con la conmemoraci\u00f3n hist\u00f3rica de los pueblos nativos americanos. <\/span><\/div>\n<\/div>\n<\/div>\n","protected":false},"featured_media":4097,"template":"","meta":{"_bst_post_transparent":"default","_bst_post_title":"","_bst_post_layout":"default","_bst_post_sidebar_id":"","_bst_post_content_style":"default","_bst_post_vertical_padding":"default","_bst_post_feature":"","_bst_post_feature_position":"","_bst_post_header":false,"_bst_post_footer":false},"product_brand":[],"product_cat":[176,143],"product_tag":[],"class_list":{"0":"post-4091","1":"product","2":"type-product","3":"status-publish","4":"has-post-thumbnail","6":"product_cat-monedas-oro","7":"product_cat-oro","9":"first","10":"instock","11":"featured","12":"taxable","13":"shipping-taxable","14":"purchasable","15":"product-type-simple","16":"entry","17":"content-bg","18":"loop-entry"},"_links":{"self":[{"href":"https:\/\/notrevoute.com\/es\/wp-json\/wp\/v2\/product\/4091","targetHints":{"allow":["GET"]}}],"collection":[{"href":"https:\/\/notrevoute.com\/es\/wp-json\/wp\/v2\/product"}],"about":[{"href":"https:\/\/notrevoute.com\/es\/wp-json\/wp\/v2\/types\/product"}],"wp:featuredmedia":[{"embeddable":true,"href":"https:\/\/notrevoute.com\/es\/wp-json\/wp\/v2\/media\/4097"}],"wp:attachment":[{"href":"https:\/\/notrevoute.com\/es\/wp-json\/wp\/v2\/media?parent=4091"}],"wp:term":[{"taxonomy":"product_brand","embeddable":true,"href":"https:\/\/notrevoute.com\/es\/wp-json\/wp\/v2\/product_brand?post=4091"},{"taxonomy":"product_cat","embeddable":true,"href":"https:\/\/notrevoute.com\/es\/wp-json\/wp\/v2\/product_cat?post=4091"},{"taxonomy":"product_tag","embeddable":true,"href":"https:\/\/notrevoute.com\/es\/wp-json\/wp\/v2\/product_tag?post=4091"}],"curies":[{"name":"wp","href":"https:\/\/api.w.org\/{rel}","templated":true}]}}