{"id":4148,"date":"2026-03-12T12:42:27","date_gmt":"2026-03-12T12:42:27","guid":{"rendered":"https:\/\/notrevoute.com\/?post_type=product&#038;p=4148"},"modified":"2026-03-12T12:51:27","modified_gmt":"2026-03-12T12:51:27","slug":"estuche-semirrigido-para-monedas-y-pequenos-lingotes","status":"publish","type":"product","link":"https:\/\/notrevoute.com\/es\/tienda\/accesorios\/estuche-semirrigido-para-monedas-y-pequenos-lingotes\/","title":{"rendered":"Estuche semirr\u00edgido para monedas y peque\u00f1os lingotes"},"content":{"rendered":"<p>Dimensiones (cm):<br data-ctype=\"x-html-wpml_linebreak\" \/>Longitud : 20<br data-ctype=\"x-html-wpml_linebreak\" \/>Anchura : 15<br data-ctype=\"x-html-wpml_linebreak\" \/>Altura : 6,5<\/p>\n<p>&nbsp;<\/p>\n","protected":false},"excerpt":{"rendered":"<p>Estuche <span class=\"error-spellcheck\" data-word=\"semirr\u00edgido\" data-suggestion=\"semidormido\">semirr\u00edgido<\/span> de 20x15x6,5 cm dise\u00f1ado para guardar y transportar monedas de colecci\u00f3n o lingotes peque\u00f1os. El estuche negro tiene un interior de espuma de alta densidad con segmentos <span class=\"error-spellcheck\" data-word=\"precortados\" data-suggestion=\"recortados|recortado|precipitados|protectorados|reconfortados\">precortados<\/span> que se pueden extraer f\u00e1cilmente y moldear a mano para adaptarlos a monedas, c\u00e1psulas o lingotes peque\u00f1os. La carcasa exterior r\u00edgida proporciona protecci\u00f3n, mientras que el interior de espuma mantiene los objetos seguros y organizados, evitando que se muevan durante el almacenamiento o el transporte, garantizando que las piezas de colecci\u00f3n permanezcan seguras y en buen estado.<\/p>\n<p>&nbsp;<\/p>\n","protected":false},"featured_media":4152,"template":"","meta":{"_bst_post_transparent":"default","_bst_post_title":"","_bst_post_layout":"default","_bst_post_sidebar_id":"","_bst_post_content_style":"default","_bst_post_vertical_padding":"default","_bst_post_feature":"","_bst_post_feature_position":"","_bst_post_header":false,"_bst_post_footer":false},"product_brand":[233],"product_cat":[140],"product_tag":[],"class_list":{"0":"post-4148","1":"product","2":"type-product","3":"status-publish","4":"has-post-thumbnail","6":"product_brand-generic-mint","7":"product_cat-accesorios","9":"first","10":"instock","11":"taxable","12":"shipping-taxable","13":"purchasable","14":"product-type-simple","15":"entry","16":"content-bg","17":"loop-entry"},"_links":{"self":[{"href":"https:\/\/notrevoute.com\/es\/wp-json\/wp\/v2\/product\/4148","targetHints":{"allow":["GET"]}}],"collection":[{"href":"https:\/\/notrevoute.com\/es\/wp-json\/wp\/v2\/product"}],"about":[{"href":"https:\/\/notrevoute.com\/es\/wp-json\/wp\/v2\/types\/product"}],"wp:featuredmedia":[{"embeddable":true,"href":"https:\/\/notrevoute.com\/es\/wp-json\/wp\/v2\/media\/4152"}],"wp:attachment":[{"href":"https:\/\/notrevoute.com\/es\/wp-json\/wp\/v2\/media?parent=4148"}],"wp:term":[{"taxonomy":"product_brand","embeddable":true,"href":"https:\/\/notrevoute.com\/es\/wp-json\/wp\/v2\/product_brand?post=4148"},{"taxonomy":"product_cat","embeddable":true,"href":"https:\/\/notrevoute.com\/es\/wp-json\/wp\/v2\/product_cat?post=4148"},{"taxonomy":"product_tag","embeddable":true,"href":"https:\/\/notrevoute.com\/es\/wp-json\/wp\/v2\/product_tag?post=4148"}],"curies":[{"name":"wp","href":"https:\/\/api.w.org\/{rel}","templated":true}]}}