{"id":4186,"date":"2026-03-13T11:43:27","date_gmt":"2026-03-13T11:43:27","guid":{"rendered":"https:\/\/notrevoute.com\/?post_type=product&#038;p=4186"},"modified":"2026-03-13T12:59:17","modified_gmt":"2026-03-13T12:59:17","slug":"lingote-de-oro-5g-varias-refinerias-circulado","status":"publish","type":"product","link":"https:\/\/notrevoute.com\/es\/tienda\/lingotes-oro\/lingote-de-oro-5g-varias-refinerias-circulado\/","title":{"rendered":"Lingote de Oro 5g &#8211; Varias Refiner\u00edas &#8211; CIRCULADO"},"content":{"rendered":"<p>&nbsp;<\/p>\n<table class=\"bordered\" style=\"font-family: var(--global-body-font-family); height: 429px;\" width=\"989\">\n<tbody>\n<tr>\n<th colspan=\"2\">DETALLES T\u00c9CNICOS<\/th>\n<\/tr>\n<tr>\n<td style=\"width: 150px;\"><strong>Pa\u00eds<\/strong><\/td>\n<td>Alemania<\/td>\n<\/tr>\n<tr>\n<td style=\"width: 150px;\"><strong>Metal<\/strong><\/td>\n<td>Oro<\/td>\n<\/tr>\n<tr>\n<td style=\"width: 150px;\"><strong>Pureza<\/strong><\/td>\n<td>.999<\/td>\n<\/tr>\n<tr>\n<td style=\"width: 150px;\"><strong>Peso (g)<\/strong><\/td>\n<td>5 g<\/td>\n<\/tr>\n<\/tbody>\n<\/table>\n","protected":false},"excerpt":{"rendered":"<div id=\"product-description-short-11868\" class=\"rte-content product-description\">\n<div id=\"short_description_block\">\n<div id=\"short_description_content\" class=\"rte align_justify\">\n<p>Tenga en cuenta que este producto ha estado previamente en circulaci\u00f3n. La marca puede variar e incluir Degussa, Argor-Heraeus, Umicore, PAMP, Heraeus, \u00d6gussa, Valcambi, Geiger, Sempsa o Agosi, y no es posible atender solicitudes de marca espec\u00edfica. Los lingotes de oro son una forma tradicional de inversi\u00f3n y suelen incluirse en carteras diversificadas. Cada lingote muestra la ceca, el tipo de metal, la pureza y el peso. Todos los lingotes son verificados por nuestros expertos para garantizar su autenticidad. La imagen mostrada es solo de referencia, ya que la marca puede variar.<\/p>\n<\/div>\n<\/div>\n<\/div>\n","protected":false},"featured_media":4188,"template":"","meta":{"_bst_post_transparent":"default","_bst_post_title":"","_bst_post_layout":"default","_bst_post_sidebar_id":"","_bst_post_content_style":"default","_bst_post_vertical_padding":"default","_bst_post_feature":"","_bst_post_feature_position":"","_bst_post_header":false,"_bst_post_footer":false},"product_brand":[243],"product_cat":[144,143],"product_tag":[],"class_list":{"0":"post-4186","1":"product","2":"type-product","3":"status-publish","4":"has-post-thumbnail","6":"product_brand-geiger-edelmetalle","7":"product_cat-lingotes-oro","8":"product_cat-oro","10":"first","11":"outofstock","12":"featured","13":"taxable","14":"shipping-taxable","15":"purchasable","16":"product-type-simple","17":"entry","18":"content-bg","19":"loop-entry"},"_links":{"self":[{"href":"https:\/\/notrevoute.com\/es\/wp-json\/wp\/v2\/product\/4186","targetHints":{"allow":["GET"]}}],"collection":[{"href":"https:\/\/notrevoute.com\/es\/wp-json\/wp\/v2\/product"}],"about":[{"href":"https:\/\/notrevoute.com\/es\/wp-json\/wp\/v2\/types\/product"}],"wp:featuredmedia":[{"embeddable":true,"href":"https:\/\/notrevoute.com\/es\/wp-json\/wp\/v2\/media\/4188"}],"wp:attachment":[{"href":"https:\/\/notrevoute.com\/es\/wp-json\/wp\/v2\/media?parent=4186"}],"wp:term":[{"taxonomy":"product_brand","embeddable":true,"href":"https:\/\/notrevoute.com\/es\/wp-json\/wp\/v2\/product_brand?post=4186"},{"taxonomy":"product_cat","embeddable":true,"href":"https:\/\/notrevoute.com\/es\/wp-json\/wp\/v2\/product_cat?post=4186"},{"taxonomy":"product_tag","embeddable":true,"href":"https:\/\/notrevoute.com\/es\/wp-json\/wp\/v2\/product_tag?post=4186"}],"curies":[{"name":"wp","href":"https:\/\/api.w.org\/{rel}","templated":true}]}}